{"id":23,"date":"2025-09-30T09:14:30","date_gmt":"2025-09-30T09:14:30","guid":{"rendered":"https:\/\/albanileriamikelpiriz.rkinformatika.online\/?page_id=23"},"modified":"2025-09-30T10:29:53","modified_gmt":"2025-09-30T10:29:53","slug":"servicios","status":"publish","type":"page","link":"https:\/\/albanileriamikelpiriz.com\/eu\/servicios\/","title":{"rendered":"Zerbitzuak"},"content":{"rendered":"<div data-elementor-type=\"wp-page\" data-elementor-id=\"23\" class=\"elementor elementor-23\" data-elementor-post-type=\"page\">\n\t\t\t\t<div class=\"elementor-element elementor-element-dd6f613 e-flex e-con-boxed e-con e-parent\" data-id=\"dd6f613\" data-element_type=\"container\" data-e-type=\"container\" data-settings=\"{&quot;background_background&quot;:&quot;classic&quot;}\">\n\t\t\t\t\t<div class=\"e-con-inner\">\n\t\t\t\t<div class=\"elementor-element elementor-element-12f8a30 elementor-widget elementor-widget-heading\" data-id=\"12f8a30\" data-element_type=\"widget\" data-e-type=\"widget\" data-widget_type=\"heading.default\">\n\t\t\t\t\t<h2 class=\"elementor-heading-title elementor-size-default\">Productos confiables<\/h2>\t\t\t\t<\/div>\n\t\t\t\t\t<\/div>\n\t\t\t\t<\/div>\n\t\t<div class=\"elementor-element elementor-element-ef3f492 e-flex e-con-boxed e-con e-parent\" data-id=\"ef3f492\" data-element_type=\"container\" data-e-type=\"container\">\n\t\t\t\t\t<div class=\"e-con-inner\">\n\t\t<div class=\"elementor-element elementor-element-188ffec e-con-full e-flex elementor-invisible e-con e-child\" data-id=\"188ffec\" data-element_type=\"container\" data-e-type=\"container\" data-settings=\"{&quot;background_background&quot;:&quot;classic&quot;,&quot;animation&quot;:&quot;fadeInLeft&quot;}\">\n\t\t\t\t<div class=\"elementor-element elementor-element-2bada82 elementor-widget elementor-widget-heading\" data-id=\"2bada82\" data-element_type=\"widget\" data-e-type=\"widget\" data-widget_type=\"heading.default\">\n\t\t\t\t\t<h2 class=\"elementor-heading-title elementor-size-default\">Reformas integrales<\/h2>\t\t\t\t<\/div>\n\t\t\t\t<div class=\"elementor-element elementor-element-09bb1b7 elementor-widget elementor-widget-text-editor\" data-id=\"09bb1b7\" data-element_type=\"widget\" data-e-type=\"widget\" data-widget_type=\"text-editor.default\">\n\t\t\t\t\t\t\t\t\t<ul><li data-start=\"231\" data-end=\"300\"><p data-start=\"233\" data-end=\"300\">Renovaci\u00f3n completa de viviendas, locales comerciales y oficinas.<\/p><\/li><li data-start=\"301\" data-end=\"379\"><p data-start=\"303\" data-end=\"379\">Coordinaci\u00f3n de todos los gremios para entregar un proyecto llave en mano.<\/p><\/li><\/ul>\t\t\t\t\t\t\t\t<\/div>\n\t\t\t\t<\/div>\n\t\t<div class=\"elementor-element elementor-element-7cb1931 e-con-full e-flex elementor-invisible e-con e-child\" data-id=\"7cb1931\" data-element_type=\"container\" data-e-type=\"container\" data-settings=\"{&quot;background_background&quot;:&quot;classic&quot;,&quot;animation&quot;:&quot;fadeInLeft&quot;}\">\n\t\t\t\t<div class=\"elementor-element elementor-element-6c6e59f elementor-widget elementor-widget-heading\" data-id=\"6c6e59f\" data-element_type=\"widget\" data-e-type=\"widget\" data-widget_type=\"heading.default\">\n\t\t\t\t\t<h2 class=\"elementor-heading-title elementor-size-default\">Alba\u00f1iler\u00eda general<\/h2>\t\t\t\t<\/div>\n\t\t\t\t<div class=\"elementor-element elementor-element-8bb53f5 elementor-widget elementor-widget-text-editor\" data-id=\"8bb53f5\" data-element_type=\"widget\" data-e-type=\"widget\" data-widget_type=\"text-editor.default\">\n\t\t\t\t\t\t\t\t\t<ul><li data-start=\"410\" data-end=\"456\"><p data-start=\"412\" data-end=\"456\">Construcci\u00f3n de tabiques, muros y paredes.<\/p><\/li><li data-start=\"457\" data-end=\"492\"><p data-start=\"459\" data-end=\"492\">Enfoscados, revocos y alisados.<\/p><\/li><li data-start=\"493\" data-end=\"518\"><p data-start=\"495\" data-end=\"518\">Solados y alicatados.<\/p><\/li><\/ul>\t\t\t\t\t\t\t\t<\/div>\n\t\t\t\t<\/div>\n\t\t<div class=\"elementor-element elementor-element-86fcdbc e-con-full e-flex elementor-invisible e-con e-child\" data-id=\"86fcdbc\" data-element_type=\"container\" data-e-type=\"container\" data-settings=\"{&quot;background_background&quot;:&quot;classic&quot;,&quot;animation&quot;:&quot;fadeInRight&quot;}\">\n\t\t\t\t<div class=\"elementor-element elementor-element-038a478 elementor-widget elementor-widget-heading\" data-id=\"038a478\" data-element_type=\"widget\" data-e-type=\"widget\" data-widget_type=\"heading.default\">\n\t\t\t\t\t<h2 class=\"elementor-heading-title elementor-size-default\">Reformas de cocinas y ba\u00f1os<\/h2>\t\t\t\t<\/div>\n\t\t\t\t<div class=\"elementor-element elementor-element-10c08bd elementor-widget elementor-widget-text-editor\" data-id=\"10c08bd\" data-element_type=\"widget\" data-e-type=\"widget\" data-widget_type=\"text-editor.default\">\n\t\t\t\t\t\t\t\t\t<ul><li data-start=\"557\" data-end=\"622\"><p data-start=\"559\" data-end=\"622\">Demoliciones, redistribuci\u00f3n de espacios y nueva instalaci\u00f3n.<\/p><\/li><li data-start=\"623\" data-end=\"685\"><p data-start=\"625\" data-end=\"685\">Colocaci\u00f3n de azulejos, suelos y acabados de alta calidad.<\/p><\/li><li data-start=\"686\" data-end=\"729\"><p data-start=\"688\" data-end=\"729\">Adaptaci\u00f3n de ba\u00f1os para accesibilidad.<\/p><\/li><\/ul>\t\t\t\t\t\t\t\t<\/div>\n\t\t\t\t<\/div>\n\t\t<div class=\"elementor-element elementor-element-a40040b e-con-full e-flex elementor-invisible e-con e-child\" data-id=\"a40040b\" data-element_type=\"container\" data-e-type=\"container\" data-settings=\"{&quot;background_background&quot;:&quot;classic&quot;,&quot;animation&quot;:&quot;fadeInRight&quot;}\">\n\t\t\t\t<div class=\"elementor-element elementor-element-e7e2baf elementor-widget elementor-widget-heading\" data-id=\"e7e2baf\" data-element_type=\"widget\" data-e-type=\"widget\" data-widget_type=\"heading.default\">\n\t\t\t\t\t<h2 class=\"elementor-heading-title elementor-size-default\">Rehabilitaci\u00f3n y mantenimiento<\/h2>\t\t\t\t<\/div>\n\t\t\t\t<div class=\"elementor-element elementor-element-3a0024d elementor-widget elementor-widget-text-editor\" data-id=\"3a0024d\" data-element_type=\"widget\" data-e-type=\"widget\" data-widget_type=\"text-editor.default\">\n\t\t\t\t\t\t\t\t\t<ul><li data-start=\"771\" data-end=\"812\"><p data-start=\"773\" data-end=\"812\">Reparaciones de fachadas y cubiertas.<\/p><\/li><li data-start=\"813\" data-end=\"855\"><p data-start=\"815\" data-end=\"855\">Arreglos estructurales y de humedades.<\/p><\/li><li data-start=\"856\" data-end=\"911\"><p data-start=\"858\" data-end=\"911\">Mantenimiento en comunidades de vecinos y empresas.<\/p><\/li><\/ul>\t\t\t\t\t\t\t\t<\/div>\n\t\t\t\t<\/div>\n\t\t\t\t\t<\/div>\n\t\t\t\t<\/div>\n\t\t<div class=\"elementor-element elementor-element-61ef1d3 e-con-full e-flex e-con e-parent\" data-id=\"61ef1d3\" data-element_type=\"container\" data-e-type=\"container\" data-settings=\"{&quot;background_background&quot;:&quot;classic&quot;}\">\n\t\t\t\t<div class=\"elementor-element elementor-element-8dc3c91 elementor-cta--skin-cover elementor-animated-content elementor-bg-transform elementor-bg-transform-zoom-in elementor-widget elementor-widget-call-to-action\" data-id=\"8dc3c91\" data-element_type=\"widget\" data-e-type=\"widget\" data-widget_type=\"call-to-action.default\">\n\t\t\t\t\t\t\t<div class=\"elementor-cta\">\n\t\t\t\t\t<div class=\"elementor-cta__bg-wrapper\">\n\t\t\t\t<div class=\"elementor-cta__bg elementor-bg\" style=\"background-image: url(https:\/\/albanileriamikelpiriz.com\/wp-content\/uploads\/2025\/09\/2150576413-1024x683.jpg);\" role=\"img\" aria-label=\"2150576413\"><\/div>\n\t\t\t\t<div class=\"elementor-cta__bg-overlay\"><\/div>\n\t\t\t<\/div>\n\t\t\t\t\t\t\t<div class=\"elementor-cta__content\">\n\t\t\t\t\n\t\t\t\t\t\t\t\t\t<h2 class=\"elementor-cta__title elementor-cta__content-item elementor-content-item elementor-animated-item--grow\">\n\t\t\t\t\t\tCu\u00e9ntanos tu idea y la convertiremos en un espacio \u00fanico.\t\t\t\t\t<\/h2>\n\t\t\t\t\n\t\t\t\t\t\t\t\t\t<div class=\"elementor-cta__description elementor-cta__content-item elementor-content-item elementor-animated-item--grow\">\n\t\t\t\t\t\tAtenci\u00f3n r\u00e1pida y personalizada: contacta hoy mismo con nuestro equipo.\t\t\t\t\t<\/div>\n\t\t\t\t\n\t\t\t\t\t\t\t\t\t<div class=\"elementor-cta__button-wrapper elementor-cta__content-item elementor-content-item elementor-animated-item--grow\">\n\t\t\t\t\t<a class=\"elementor-cta__button elementor-button elementor-size-\" href=\"https:\/\/albanileriamikelpiriz.com\/eu\/contactos\/\">\n\t\t\t\t\t\tKontaktua\t\t\t\t\t<\/a>\n\t\t\t\t\t<\/div>\n\t\t\t\t\t\t\t<\/div>\n\t\t\t\t\t\t<\/div>\n\t\t\t\t\t\t<\/div>\n\t\t\t\t<\/div>\n\t\t\t\t<\/div>","protected":false},"excerpt":{"rendered":"<p>Productos confiables Reformas integrales Renovaci\u00f3n completa de viviendas, locales comerciales y oficinas. Coordinaci\u00f3n de todos los gremios para entregar un proyecto llave en mano. Alba\u00f1iler\u00eda general Construcci\u00f3n de tabiques, muros y paredes. Enfoscados, revocos y alisados. Solados y alicatados. Reformas de cocinas y ba\u00f1os Demoliciones, redistribuci\u00f3n de espacios y nueva instalaci\u00f3n. Colocaci\u00f3n de azulejos, suelos [&hellip;]<\/p>\n","protected":false},"author":1,"featured_media":0,"parent":0,"menu_order":0,"comment_status":"closed","ping_status":"closed","template":"elementor_canvas","meta":{"footnotes":""},"class_list":["post-23","page","type-page","status-publish","hentry"],"yoast_head":"<!-- This site is optimized with the Yoast SEO plugin v27.3 - https:\/\/yoast.com\/product\/yoast-seo-wordpress\/ -->\n<title>Servicios - Alba\u00f1ileria Mikel Piriz<\/title>\n<meta name=\"robots\" content=\"index, follow, max-snippet:-1, max-image-preview:large, max-video-preview:-1\" \/>\n<link rel=\"canonical\" href=\"https:\/\/albanileriamikelpiriz.com\/eu\/servicios\/\" \/>\n<meta property=\"og:locale\" content=\"en_US\" \/>\n<meta property=\"og:type\" content=\"article\" \/>\n<meta property=\"og:title\" content=\"Servicios - Alba\u00f1ileria Mikel Piriz\" \/>\n<meta property=\"og:description\" content=\"Productos confiables Reformas integrales Renovaci\u00f3n completa de viviendas, locales comerciales y oficinas. Coordinaci\u00f3n de todos los gremios para entregar un proyecto llave en mano. Alba\u00f1iler\u00eda general Construcci\u00f3n de tabiques, muros y paredes. Enfoscados, revocos y alisados. Solados y alicatados. Reformas de cocinas y ba\u00f1os Demoliciones, redistribuci\u00f3n de espacios y nueva instalaci\u00f3n. Colocaci\u00f3n de azulejos, suelos [&hellip;]\" \/>\n<meta property=\"og:url\" content=\"https:\/\/albanileriamikelpiriz.com\/eu\/servicios\/\" \/>\n<meta property=\"og:site_name\" content=\"Alba\u00f1ileria Mikel Piriz\" \/>\n<meta property=\"article:modified_time\" content=\"2025-09-30T10:29:53+00:00\" \/>\n<meta name=\"twitter:card\" content=\"summary_large_image\" \/>\n<meta name=\"twitter:label1\" content=\"Est. reading time\" \/>\n\t<meta name=\"twitter:data1\" content=\"1 minutua\" \/>\n<script type=\"application\/ld+json\" class=\"yoast-schema-graph\">{\"@context\":\"https:\\\/\\\/schema.org\",\"@graph\":[{\"@type\":\"WebPage\",\"@id\":\"https:\\\/\\\/albanileriamikelpiriz.com\\\/servicios\\\/\",\"url\":\"https:\\\/\\\/albanileriamikelpiriz.com\\\/servicios\\\/\",\"name\":\"Servicios - Alba\u00f1ileria Mikel Piriz\",\"isPartOf\":{\"@id\":\"https:\\\/\\\/albanileriamikelpiriz.com\\\/#website\"},\"datePublished\":\"2025-09-30T09:14:30+00:00\",\"dateModified\":\"2025-09-30T10:29:53+00:00\",\"breadcrumb\":{\"@id\":\"https:\\\/\\\/albanileriamikelpiriz.com\\\/servicios\\\/#breadcrumb\"},\"inLanguage\":\"eu\",\"potentialAction\":[{\"@type\":\"ReadAction\",\"target\":[\"https:\\\/\\\/albanileriamikelpiriz.com\\\/servicios\\\/\"]}]},{\"@type\":\"BreadcrumbList\",\"@id\":\"https:\\\/\\\/albanileriamikelpiriz.com\\\/servicios\\\/#breadcrumb\",\"itemListElement\":[{\"@type\":\"ListItem\",\"position\":1,\"name\":\"Portada\",\"item\":\"https:\\\/\\\/albanileriamikelpiriz.com\\\/\"},{\"@type\":\"ListItem\",\"position\":2,\"name\":\"Servicios\"}]},{\"@type\":\"WebSite\",\"@id\":\"https:\\\/\\\/albanileriamikelpiriz.com\\\/#website\",\"url\":\"https:\\\/\\\/albanileriamikelpiriz.com\\\/\",\"name\":\"Alba\u00f1ileria Mikel Piriz\",\"description\":\"Reformas y alba\u00f1ileria general\",\"publisher\":{\"@id\":\"https:\\\/\\\/albanileriamikelpiriz.com\\\/#organization\"},\"potentialAction\":[{\"@type\":\"SearchAction\",\"target\":{\"@type\":\"EntryPoint\",\"urlTemplate\":\"https:\\\/\\\/albanileriamikelpiriz.com\\\/?s={search_term_string}\"},\"query-input\":{\"@type\":\"PropertyValueSpecification\",\"valueRequired\":true,\"valueName\":\"search_term_string\"}}],\"inLanguage\":\"eu\"},{\"@type\":\"Organization\",\"@id\":\"https:\\\/\\\/albanileriamikelpiriz.com\\\/#organization\",\"name\":\"Alba\u00f1ileria Mikel Piriz\",\"url\":\"https:\\\/\\\/albanileriamikelpiriz.com\\\/\",\"logo\":{\"@type\":\"ImageObject\",\"inLanguage\":\"eu\",\"@id\":\"https:\\\/\\\/albanileriamikelpiriz.com\\\/#\\\/schema\\\/logo\\\/image\\\/\",\"url\":\"https:\\\/\\\/albanileriamikelpiriz.com\\\/wp-content\\\/uploads\\\/2025\\\/09\\\/cropped-Diseno-sin-titulo-5.png\",\"contentUrl\":\"https:\\\/\\\/albanileriamikelpiriz.com\\\/wp-content\\\/uploads\\\/2025\\\/09\\\/cropped-Diseno-sin-titulo-5.png\",\"width\":424,\"height\":119,\"caption\":\"Alba\u00f1ileria Mikel Piriz\"},\"image\":{\"@id\":\"https:\\\/\\\/albanileriamikelpiriz.com\\\/#\\\/schema\\\/logo\\\/image\\\/\"}}]}<\/script>\n<!-- \/ Yoast SEO plugin. -->","yoast_head_json":{"title":"Servicios - Alba\u00f1ileria Mikel Piriz","robots":{"index":"index","follow":"follow","max-snippet":"max-snippet:-1","max-image-preview":"max-image-preview:large","max-video-preview":"max-video-preview:-1"},"canonical":"https:\/\/albanileriamikelpiriz.com\/eu\/servicios\/","og_locale":"en_US","og_type":"article","og_title":"Servicios - Alba\u00f1ileria Mikel Piriz","og_description":"Productos confiables Reformas integrales Renovaci\u00f3n completa de viviendas, locales comerciales y oficinas. Coordinaci\u00f3n de todos los gremios para entregar un proyecto llave en mano. Alba\u00f1iler\u00eda general Construcci\u00f3n de tabiques, muros y paredes. Enfoscados, revocos y alisados. Solados y alicatados. Reformas de cocinas y ba\u00f1os Demoliciones, redistribuci\u00f3n de espacios y nueva instalaci\u00f3n. Colocaci\u00f3n de azulejos, suelos [&hellip;]","og_url":"https:\/\/albanileriamikelpiriz.com\/eu\/servicios\/","og_site_name":"Alba\u00f1ileria Mikel Piriz","article_modified_time":"2025-09-30T10:29:53+00:00","twitter_card":"summary_large_image","twitter_misc":{"Est. reading time":"1 minutua"},"schema":{"@context":"https:\/\/schema.org","@graph":[{"@type":"WebPage","@id":"https:\/\/albanileriamikelpiriz.com\/servicios\/","url":"https:\/\/albanileriamikelpiriz.com\/servicios\/","name":"Servicios - Alba\u00f1ileria Mikel Piriz","isPartOf":{"@id":"https:\/\/albanileriamikelpiriz.com\/#website"},"datePublished":"2025-09-30T09:14:30+00:00","dateModified":"2025-09-30T10:29:53+00:00","breadcrumb":{"@id":"https:\/\/albanileriamikelpiriz.com\/servicios\/#breadcrumb"},"inLanguage":"eu","potentialAction":[{"@type":"ReadAction","target":["https:\/\/albanileriamikelpiriz.com\/servicios\/"]}]},{"@type":"BreadcrumbList","@id":"https:\/\/albanileriamikelpiriz.com\/servicios\/#breadcrumb","itemListElement":[{"@type":"ListItem","position":1,"name":"Portada","item":"https:\/\/albanileriamikelpiriz.com\/"},{"@type":"ListItem","position":2,"name":"Servicios"}]},{"@type":"WebSite","@id":"https:\/\/albanileriamikelpiriz.com\/#website","url":"https:\/\/albanileriamikelpiriz.com\/","name":"Mikel Piriz igeltserotza","description":"Reformas y alba\u00f1ileria general","publisher":{"@id":"https:\/\/albanileriamikelpiriz.com\/#organization"},"potentialAction":[{"@type":"SearchAction","target":{"@type":"EntryPoint","urlTemplate":"https:\/\/albanileriamikelpiriz.com\/?s={search_term_string}"},"query-input":{"@type":"PropertyValueSpecification","valueRequired":true,"valueName":"search_term_string"}}],"inLanguage":"eu"},{"@type":"Organization","@id":"https:\/\/albanileriamikelpiriz.com\/#organization","name":"Mikel Piriz igeltserotza","url":"https:\/\/albanileriamikelpiriz.com\/","logo":{"@type":"ImageObject","inLanguage":"eu","@id":"https:\/\/albanileriamikelpiriz.com\/#\/schema\/logo\/image\/","url":"https:\/\/albanileriamikelpiriz.com\/wp-content\/uploads\/2025\/09\/cropped-Diseno-sin-titulo-5.png","contentUrl":"https:\/\/albanileriamikelpiriz.com\/wp-content\/uploads\/2025\/09\/cropped-Diseno-sin-titulo-5.png","width":424,"height":119,"caption":"Alba\u00f1ileria Mikel Piriz"},"image":{"@id":"https:\/\/albanileriamikelpiriz.com\/#\/schema\/logo\/image\/"}}]}},"_links":{"self":[{"href":"https:\/\/albanileriamikelpiriz.com\/eu\/wp-json\/wp\/v2\/pages\/23","targetHints":{"allow":["GET"]}}],"collection":[{"href":"https:\/\/albanileriamikelpiriz.com\/eu\/wp-json\/wp\/v2\/pages"}],"about":[{"href":"https:\/\/albanileriamikelpiriz.com\/eu\/wp-json\/wp\/v2\/types\/page"}],"author":[{"embeddable":true,"href":"https:\/\/albanileriamikelpiriz.com\/eu\/wp-json\/wp\/v2\/users\/1"}],"replies":[{"embeddable":true,"href":"https:\/\/albanileriamikelpiriz.com\/eu\/wp-json\/wp\/v2\/comments?post=23"}],"version-history":[{"count":46,"href":"https:\/\/albanileriamikelpiriz.com\/eu\/wp-json\/wp\/v2\/pages\/23\/revisions"}],"predecessor-version":[{"id":205,"href":"https:\/\/albanileriamikelpiriz.com\/eu\/wp-json\/wp\/v2\/pages\/23\/revisions\/205"}],"wp:attachment":[{"href":"https:\/\/albanileriamikelpiriz.com\/eu\/wp-json\/wp\/v2\/media?parent=23"}],"curies":[{"name":"wp","href":"https:\/\/api.w.org\/{rel}","templated":true}]}}