{"id":20,"date":"2025-09-30T09:13:28","date_gmt":"2025-09-30T09:13:28","guid":{"rendered":"https:\/\/albanileriamikelpiriz.rkinformatika.online\/?page_id=20"},"modified":"2025-09-30T10:10:21","modified_gmt":"2025-09-30T10:10:21","slug":"inicio","status":"publish","type":"page","link":"https:\/\/albanileriamikelpiriz.com\/eu\/","title":{"rendered":"Hasiera"},"content":{"rendered":"<div data-elementor-type=\"wp-page\" data-elementor-id=\"20\" class=\"elementor elementor-20\" data-elementor-post-type=\"page\">\n\t\t\t\t<div class=\"elementor-element elementor-element-859d001 e-flex e-con-boxed e-con e-parent\" data-id=\"859d001\" data-element_type=\"container\" data-e-type=\"container\" data-settings=\"{&quot;background_background&quot;:&quot;classic&quot;}\">\n\t\t\t\t\t<div class=\"e-con-inner\">\n\t\t\t\t<div class=\"elementor-element elementor-element-87b6714 elementor-widget elementor-widget-heading\" data-id=\"87b6714\" data-element_type=\"widget\" data-e-type=\"widget\" data-widget_type=\"heading.default\">\n\t\t\t\t\t<h2 class=\"elementor-heading-title elementor-size-default\">Mikel Piriz igeltserotza<\/h2>\t\t\t\t<\/div>\n\t\t\t\t\t<\/div>\n\t\t\t\t<\/div>\n\t\t<div class=\"elementor-element elementor-element-2ffd96e e-flex e-con-boxed e-con e-parent\" data-id=\"2ffd96e\" data-element_type=\"container\" data-e-type=\"container\" data-settings=\"{&quot;background_background&quot;:&quot;classic&quot;}\">\n\t\t\t\t\t<div class=\"e-con-inner\">\n\t\t<div class=\"elementor-element elementor-element-a65b87e e-con-full e-flex e-con e-child\" data-id=\"a65b87e\" data-element_type=\"container\" data-e-type=\"container\">\n\t\t\t\t<div class=\"elementor-element elementor-element-70f51bf elementor-widget elementor-widget-heading\" data-id=\"70f51bf\" data-element_type=\"widget\" data-e-type=\"widget\" data-widget_type=\"heading.default\">\n\t\t\t\t\t<h2 class=\"elementor-heading-title elementor-size-default\">Guri buruz<\/h2>\t\t\t\t<\/div>\n\t\t\t\t<div class=\"elementor-element elementor-element-9e01ca9 elementor-widget elementor-widget-text-editor\" data-id=\"9e01ca9\" data-element_type=\"widget\" data-e-type=\"widget\" data-widget_type=\"text-editor.default\">\n\t\t\t\t\t\t\t\t\t<p data-start=\"138\" data-end=\"355\">Mikel Piriz igeltserotzan 12 urte baino gehiagoko esperientzia dugu eraikuntzaren eta erreformen sektorean, betiere familia enpresa baten ezaugarri den seriotasunarekin eta hurbiltasunarekin lan eginez.<\/p><p data-start=\"357\" data-end=\"536\">Eraberritze zerbitzu integralak eta igeltserotza orokorra eskaintzen ditugu, bezero bakoitzaren beharretara egokituta, kalitatezko emaitza iraunkorrak eta neurrikoak bermatzeko.<\/p><p data-start=\"538\" data-end=\"750\">Gure jarduera Abadi\u00f1o-Zelaietan eta Bizkaia osoan zentratzen da, non partikularren eta enpresen konfiantza irabazi dugun, gure konpromisoari, profesionaltasunari eta tratu pertsonalizatuari esker.<\/p>\t\t\t\t\t\t\t\t<\/div>\n\t\t\t\t<\/div>\n\t\t<div class=\"elementor-element elementor-element-7f30632 e-con-full e-flex e-con e-child\" data-id=\"7f30632\" data-element_type=\"container\" data-e-type=\"container\">\n\t\t\t\t<div class=\"elementor-element elementor-element-996820f elementor-widget elementor-widget-image\" data-id=\"996820f\" data-element_type=\"widget\" data-e-type=\"widget\" data-widget_type=\"image.default\">\n\t\t\t\t\t\t\t\t\t\t\t\t\t\t\t<img fetchpriority=\"high\" decoding=\"async\" width=\"683\" height=\"1024\" src=\"https:\/\/albanileriamikelpiriz.com\/wp-content\/uploads\/2025\/09\/2150563117-683x1024.jpg\" class=\"attachment-large size-large wp-image-127\" alt=\"\" srcset=\"https:\/\/albanileriamikelpiriz.com\/wp-content\/uploads\/2025\/09\/2150563117-683x1024.jpg 683w, https:\/\/albanileriamikelpiriz.com\/wp-content\/uploads\/2025\/09\/2150563117-200x300.jpg 200w, https:\/\/albanileriamikelpiriz.com\/wp-content\/uploads\/2025\/09\/2150563117-768x1152.jpg 768w, https:\/\/albanileriamikelpiriz.com\/wp-content\/uploads\/2025\/09\/2150563117-8x12.jpg 8w, https:\/\/albanileriamikelpiriz.com\/wp-content\/uploads\/2025\/09\/2150563117.jpg 1000w\" sizes=\"(max-width: 683px) 100vw, 683px\" \/>\t\t\t\t\t\t\t\t\t\t\t\t\t\t\t<\/div>\n\t\t\t\t<\/div>\n\t\t\t\t\t<\/div>\n\t\t\t\t<\/div>\n\t\t<div class=\"elementor-element elementor-element-f98a988 e-con-full e-flex e-con e-parent\" data-id=\"f98a988\" data-element_type=\"container\" data-e-type=\"container\" data-settings=\"{&quot;background_background&quot;:&quot;classic&quot;}\">\n\t\t\t\t<div class=\"elementor-element elementor-element-8f759ea elementor-cta--skin-cover elementor-animated-content elementor-bg-transform elementor-bg-transform-zoom-in elementor-widget elementor-widget-call-to-action\" data-id=\"8f759ea\" data-element_type=\"widget\" data-e-type=\"widget\" data-widget_type=\"call-to-action.default\">\n\t\t\t\t\t\t\t<div class=\"elementor-cta\">\n\t\t\t\t\t<div class=\"elementor-cta__bg-wrapper\">\n\t\t\t\t<div class=\"elementor-cta__bg elementor-bg\" style=\"background-image: url(https:\/\/albanileriamikelpiriz.com\/wp-content\/uploads\/2025\/09\/2150576413-1024x683.jpg);\" role=\"img\" aria-label=\"2150576413\"><\/div>\n\t\t\t\t<div class=\"elementor-cta__bg-overlay\"><\/div>\n\t\t\t<\/div>\n\t\t\t\t\t\t\t<div class=\"elementor-cta__content\">\n\t\t\t\t\n\t\t\t\t\t\t\t\t\t<h2 class=\"elementor-cta__title elementor-cta__content-item elementor-content-item elementor-animated-item--grow\">\n\t\t\t\t\t\tEzagutu nola eralda dezakegun zure etxea\t\t\t\t\t<\/h2>\n\t\t\t\t\n\t\t\t\t\t\t\t\t\t<div class=\"elementor-cta__description elementor-cta__content-item elementor-content-item elementor-animated-item--grow\">\n\t\t\t\t\t\t12 urte baino gehiagoko esperientzia zure eskura: konfiantzazko profesionalengan konfiantza izan.\t\t\t\t\t<\/div>\n\t\t\t\t\n\t\t\t\t\t\t\t\t\t<div class=\"elementor-cta__button-wrapper elementor-cta__content-item elementor-content-item elementor-animated-item--grow\">\n\t\t\t\t\t<a class=\"elementor-cta__button elementor-button elementor-size-\" href=\"https:\/\/albanileriamikelpiriz.com\/eu\/servicios\/\">\n\t\t\t\t\t\tGehiago jakin\t\t\t\t\t<\/a>\n\t\t\t\t\t<\/div>\n\t\t\t\t\t\t\t<\/div>\n\t\t\t\t\t\t<\/div>\n\t\t\t\t\t\t<\/div>\n\t\t\t\t<\/div>\n\t\t\t\t<\/div>","protected":false},"excerpt":{"rendered":"<p>Alba\u00f1ileria Mikel Piriz Sobre Nosotros En Alba\u00f1iler\u00eda Mikel Piriz contamos con m\u00e1s de 12 a\u00f1os de experiencia en el sector de la construcci\u00f3n y las reformas, trabajando siempre con la seriedad y cercan\u00eda que caracteriza a una empresa familiar. Ofrecemos servicios de reformas integrales y alba\u00f1iler\u00eda general, adapt\u00e1ndonos a las necesidades de cada cliente para [&hellip;]<\/p>\n","protected":false},"author":1,"featured_media":0,"parent":0,"menu_order":0,"comment_status":"closed","ping_status":"closed","template":"elementor_canvas","meta":{"footnotes":""},"class_list":["post-20","page","type-page","status-publish","hentry"],"yoast_head":"<!-- This site is optimized with the Yoast SEO plugin v27.3 - https:\/\/yoast.com\/product\/yoast-seo-wordpress\/ -->\n<title>Inicio - Alba\u00f1ileria Mikel Piriz<\/title>\n<meta name=\"robots\" content=\"index, follow, max-snippet:-1, max-image-preview:large, max-video-preview:-1\" \/>\n<link rel=\"canonical\" href=\"https:\/\/albanileriamikelpiriz.com\/eu\/\" \/>\n<meta property=\"og:locale\" content=\"en_US\" \/>\n<meta property=\"og:type\" content=\"article\" \/>\n<meta property=\"og:title\" content=\"Inicio - Alba\u00f1ileria Mikel Piriz\" \/>\n<meta property=\"og:description\" content=\"Alba\u00f1ileria Mikel Piriz Sobre Nosotros En Alba\u00f1iler\u00eda Mikel Piriz contamos con m\u00e1s de 12 a\u00f1os de experiencia en el sector de la construcci\u00f3n y las reformas, trabajando siempre con la seriedad y cercan\u00eda que caracteriza a una empresa familiar. Ofrecemos servicios de reformas integrales y alba\u00f1iler\u00eda general, adapt\u00e1ndonos a las necesidades de cada cliente para [&hellip;]\" \/>\n<meta property=\"og:url\" content=\"https:\/\/albanileriamikelpiriz.com\/eu\/\" \/>\n<meta property=\"og:site_name\" content=\"Alba\u00f1ileria Mikel Piriz\" \/>\n<meta property=\"article:modified_time\" content=\"2025-09-30T10:10:21+00:00\" \/>\n<meta property=\"og:image\" content=\"https:\/\/albanileriamikelpiriz.com\/wp-content\/uploads\/2025\/09\/2150563117-683x1024.jpg\" \/>\n<meta name=\"twitter:card\" content=\"summary_large_image\" \/>\n<meta name=\"twitter:label1\" content=\"Est. reading time\" \/>\n\t<meta name=\"twitter:data1\" content=\"1 minutua\" \/>\n<script type=\"application\/ld+json\" class=\"yoast-schema-graph\">{\"@context\":\"https:\\\/\\\/schema.org\",\"@graph\":[{\"@type\":\"WebPage\",\"@id\":\"https:\\\/\\\/albanileriamikelpiriz.com\\\/\",\"url\":\"https:\\\/\\\/albanileriamikelpiriz.com\\\/\",\"name\":\"Inicio - Alba\u00f1ileria Mikel Piriz\",\"isPartOf\":{\"@id\":\"https:\\\/\\\/albanileriamikelpiriz.com\\\/#website\"},\"primaryImageOfPage\":{\"@id\":\"https:\\\/\\\/albanileriamikelpiriz.com\\\/#primaryimage\"},\"image\":{\"@id\":\"https:\\\/\\\/albanileriamikelpiriz.com\\\/#primaryimage\"},\"thumbnailUrl\":\"https:\\\/\\\/albanileriamikelpiriz.com\\\/wp-content\\\/uploads\\\/2025\\\/09\\\/2150563117-683x1024.jpg\",\"datePublished\":\"2025-09-30T09:13:28+00:00\",\"dateModified\":\"2025-09-30T10:10:21+00:00\",\"breadcrumb\":{\"@id\":\"https:\\\/\\\/albanileriamikelpiriz.com\\\/#breadcrumb\"},\"inLanguage\":\"eu\",\"potentialAction\":[{\"@type\":\"ReadAction\",\"target\":[\"https:\\\/\\\/albanileriamikelpiriz.com\\\/\"]}]},{\"@type\":\"ImageObject\",\"inLanguage\":\"eu\",\"@id\":\"https:\\\/\\\/albanileriamikelpiriz.com\\\/#primaryimage\",\"url\":\"https:\\\/\\\/albanileriamikelpiriz.com\\\/wp-content\\\/uploads\\\/2025\\\/09\\\/2150563117-683x1024.jpg\",\"contentUrl\":\"https:\\\/\\\/albanileriamikelpiriz.com\\\/wp-content\\\/uploads\\\/2025\\\/09\\\/2150563117-683x1024.jpg\"},{\"@type\":\"BreadcrumbList\",\"@id\":\"https:\\\/\\\/albanileriamikelpiriz.com\\\/#breadcrumb\",\"itemListElement\":[{\"@type\":\"ListItem\",\"position\":1,\"name\":\"Portada\",\"item\":\"https:\\\/\\\/albanileriamikelpiriz.com\\\/\"},{\"@type\":\"ListItem\",\"position\":2,\"name\":\"Inicio\"}]},{\"@type\":\"WebSite\",\"@id\":\"https:\\\/\\\/albanileriamikelpiriz.com\\\/#website\",\"url\":\"https:\\\/\\\/albanileriamikelpiriz.com\\\/\",\"name\":\"Alba\u00f1ileria Mikel Piriz\",\"description\":\"Reformas y alba\u00f1ileria general\",\"publisher\":{\"@id\":\"https:\\\/\\\/albanileriamikelpiriz.com\\\/#organization\"},\"potentialAction\":[{\"@type\":\"SearchAction\",\"target\":{\"@type\":\"EntryPoint\",\"urlTemplate\":\"https:\\\/\\\/albanileriamikelpiriz.com\\\/?s={search_term_string}\"},\"query-input\":{\"@type\":\"PropertyValueSpecification\",\"valueRequired\":true,\"valueName\":\"search_term_string\"}}],\"inLanguage\":\"eu\"},{\"@type\":\"Organization\",\"@id\":\"https:\\\/\\\/albanileriamikelpiriz.com\\\/#organization\",\"name\":\"Alba\u00f1ileria Mikel Piriz\",\"url\":\"https:\\\/\\\/albanileriamikelpiriz.com\\\/\",\"logo\":{\"@type\":\"ImageObject\",\"inLanguage\":\"eu\",\"@id\":\"https:\\\/\\\/albanileriamikelpiriz.com\\\/#\\\/schema\\\/logo\\\/image\\\/\",\"url\":\"https:\\\/\\\/albanileriamikelpiriz.com\\\/wp-content\\\/uploads\\\/2025\\\/09\\\/cropped-Diseno-sin-titulo-5.png\",\"contentUrl\":\"https:\\\/\\\/albanileriamikelpiriz.com\\\/wp-content\\\/uploads\\\/2025\\\/09\\\/cropped-Diseno-sin-titulo-5.png\",\"width\":424,\"height\":119,\"caption\":\"Alba\u00f1ileria Mikel Piriz\"},\"image\":{\"@id\":\"https:\\\/\\\/albanileriamikelpiriz.com\\\/#\\\/schema\\\/logo\\\/image\\\/\"}}]}<\/script>\n<!-- \/ Yoast SEO plugin. -->","yoast_head_json":{"title":"Inicio - Alba\u00f1ileria Mikel Piriz","robots":{"index":"index","follow":"follow","max-snippet":"max-snippet:-1","max-image-preview":"max-image-preview:large","max-video-preview":"max-video-preview:-1"},"canonical":"https:\/\/albanileriamikelpiriz.com\/eu\/","og_locale":"en_US","og_type":"article","og_title":"Inicio - Alba\u00f1ileria Mikel Piriz","og_description":"Alba\u00f1ileria Mikel Piriz Sobre Nosotros En Alba\u00f1iler\u00eda Mikel Piriz contamos con m\u00e1s de 12 a\u00f1os de experiencia en el sector de la construcci\u00f3n y las reformas, trabajando siempre con la seriedad y cercan\u00eda que caracteriza a una empresa familiar. Ofrecemos servicios de reformas integrales y alba\u00f1iler\u00eda general, adapt\u00e1ndonos a las necesidades de cada cliente para [&hellip;]","og_url":"https:\/\/albanileriamikelpiriz.com\/eu\/","og_site_name":"Alba\u00f1ileria Mikel Piriz","article_modified_time":"2025-09-30T10:10:21+00:00","og_image":[{"url":"https:\/\/albanileriamikelpiriz.com\/wp-content\/uploads\/2025\/09\/2150563117-683x1024.jpg","type":"","width":"","height":""}],"twitter_card":"summary_large_image","twitter_misc":{"Est. reading time":"1 minutua"},"schema":{"@context":"https:\/\/schema.org","@graph":[{"@type":"WebPage","@id":"https:\/\/albanileriamikelpiriz.com\/","url":"https:\/\/albanileriamikelpiriz.com\/","name":"Inicio - Alba\u00f1ileria Mikel Piriz","isPartOf":{"@id":"https:\/\/albanileriamikelpiriz.com\/#website"},"primaryImageOfPage":{"@id":"https:\/\/albanileriamikelpiriz.com\/#primaryimage"},"image":{"@id":"https:\/\/albanileriamikelpiriz.com\/#primaryimage"},"thumbnailUrl":"https:\/\/albanileriamikelpiriz.com\/wp-content\/uploads\/2025\/09\/2150563117-683x1024.jpg","datePublished":"2025-09-30T09:13:28+00:00","dateModified":"2025-09-30T10:10:21+00:00","breadcrumb":{"@id":"https:\/\/albanileriamikelpiriz.com\/#breadcrumb"},"inLanguage":"eu","potentialAction":[{"@type":"ReadAction","target":["https:\/\/albanileriamikelpiriz.com\/"]}]},{"@type":"ImageObject","inLanguage":"eu","@id":"https:\/\/albanileriamikelpiriz.com\/#primaryimage","url":"https:\/\/albanileriamikelpiriz.com\/wp-content\/uploads\/2025\/09\/2150563117-683x1024.jpg","contentUrl":"https:\/\/albanileriamikelpiriz.com\/wp-content\/uploads\/2025\/09\/2150563117-683x1024.jpg"},{"@type":"BreadcrumbList","@id":"https:\/\/albanileriamikelpiriz.com\/#breadcrumb","itemListElement":[{"@type":"ListItem","position":1,"name":"Portada","item":"https:\/\/albanileriamikelpiriz.com\/"},{"@type":"ListItem","position":2,"name":"Inicio"}]},{"@type":"WebSite","@id":"https:\/\/albanileriamikelpiriz.com\/#website","url":"https:\/\/albanileriamikelpiriz.com\/","name":"Mikel Piriz igeltserotza","description":"Reformas y alba\u00f1ileria general","publisher":{"@id":"https:\/\/albanileriamikelpiriz.com\/#organization"},"potentialAction":[{"@type":"SearchAction","target":{"@type":"EntryPoint","urlTemplate":"https:\/\/albanileriamikelpiriz.com\/?s={search_term_string}"},"query-input":{"@type":"PropertyValueSpecification","valueRequired":true,"valueName":"search_term_string"}}],"inLanguage":"eu"},{"@type":"Organization","@id":"https:\/\/albanileriamikelpiriz.com\/#organization","name":"Mikel Piriz igeltserotza","url":"https:\/\/albanileriamikelpiriz.com\/","logo":{"@type":"ImageObject","inLanguage":"eu","@id":"https:\/\/albanileriamikelpiriz.com\/#\/schema\/logo\/image\/","url":"https:\/\/albanileriamikelpiriz.com\/wp-content\/uploads\/2025\/09\/cropped-Diseno-sin-titulo-5.png","contentUrl":"https:\/\/albanileriamikelpiriz.com\/wp-content\/uploads\/2025\/09\/cropped-Diseno-sin-titulo-5.png","width":424,"height":119,"caption":"Alba\u00f1ileria Mikel Piriz"},"image":{"@id":"https:\/\/albanileriamikelpiriz.com\/#\/schema\/logo\/image\/"}}]}},"_links":{"self":[{"href":"https:\/\/albanileriamikelpiriz.com\/eu\/wp-json\/wp\/v2\/pages\/20","targetHints":{"allow":["GET"]}}],"collection":[{"href":"https:\/\/albanileriamikelpiriz.com\/eu\/wp-json\/wp\/v2\/pages"}],"about":[{"href":"https:\/\/albanileriamikelpiriz.com\/eu\/wp-json\/wp\/v2\/types\/page"}],"author":[{"embeddable":true,"href":"https:\/\/albanileriamikelpiriz.com\/eu\/wp-json\/wp\/v2\/users\/1"}],"replies":[{"embeddable":true,"href":"https:\/\/albanileriamikelpiriz.com\/eu\/wp-json\/wp\/v2\/comments?post=20"}],"version-history":[{"count":34,"href":"https:\/\/albanileriamikelpiriz.com\/eu\/wp-json\/wp\/v2\/pages\/20\/revisions"}],"predecessor-version":[{"id":149,"href":"https:\/\/albanileriamikelpiriz.com\/eu\/wp-json\/wp\/v2\/pages\/20\/revisions\/149"}],"wp:attachment":[{"href":"https:\/\/albanileriamikelpiriz.com\/eu\/wp-json\/wp\/v2\/media?parent=20"}],"curies":[{"name":"wp","href":"https:\/\/api.w.org\/{rel}","templated":true}]}}